{"id":443,"date":"2020-04-27T14:42:57","date_gmt":"2020-04-27T12:42:57","guid":{"rendered":"https:\/\/legister.it\/domaines-dactivitea\/contentieux\/"},"modified":"2020-04-27T15:11:53","modified_gmt":"2020-04-27T13:11:53","slug":"contentieux","status":"publish","type":"page","link":"https:\/\/legister.it\/fr\/domaines-dactivites\/contentieux\/","title":{"rendered":"Contentieux"},"content":{"rendered":"<div class=\"wpb-content-wrapper\"><p>[vc_row][vc_column][vc_wp_custommenu nav_menu=&#8221;6&#8243;][\/vc_column][\/vc_row][vc_row el_class=&#8221;no-padding-top&#8221;][vc_column width=&#8221;1\/2&#8243;][vc_single_image image=&#8221;210&#8243; img_size=&#8221;full&#8221;][\/vc_column][vc_column width=&#8221;1\/2&#8243;][vc_custom_heading text=&#8221;Contentieux &#8221; with_border=&#8221;true&#8221;][vc_column_text]L\u00e8gister assiste les entreprises et les personnes priv\u00e9es, dans le cadre des domaines trait\u00e9s par le Cabinet, tant devant les Tribunaux et les Cours de tout ordre et degr\u00e9 de juridiction en mati\u00e8re civile et Commerciale que devant les juridictions administratives et p\u00e9nales (en collaboration avec des Confr\u00e8res ayant une longue exp\u00e9rience en la mati\u00e8re).<br \/>\nL\u00e8gister apporte aussi une assistance devant les Autorit\u00e9s garantes. L\u00e8gister a une exp\u00e9rience significative en mati\u00e8re d\u2019arbitrage national et international. L\u00e8gister intervient dans les proc\u00e9dures de m\u00e9diation et de conciliation, et les diff\u00e9rentes formes de <em>\u201cAlternative Dispute Resolutions\u201d<\/em>, obligatoire ou facultatives.<br \/>\nCertains de ses membres sont qualifi\u00e9s aussi devant les juridictions am\u00e9ricaines, autrichiennes et fran\u00e7aises et, en collaboration avec des Confr\u00e8res sur place, suit les contentieux devant les juridictions de tout pays.<\/p>\n<p>&nbsp;<\/p>\n<p><strong class=\"primary\">#Contentieux devant les juridictions ordinaires et sp\u00e9cialis\u00e9es<\/strong><br \/>\n<strong class=\"primary\">#ADR et m\u00e9diation<\/strong><br \/>\n<strong class=\"primary\">#Arbitrages nationaux et internationaux<\/strong>[\/vc_column_text][\/vc_column][\/vc_row]<\/p>\n<\/div>","protected":false},"excerpt":{"rendered":"<p>[vc_row][vc_column][vc_wp_custommenu nav_menu=&#8221;6&#8243;][\/vc_column][\/vc_row][vc_row el_class=&#8221;no-padding-top&#8221;][vc_column width=&#8221;1\/2&#8243;][vc_single_image image=&#8221;210&#8243; img_size=&#8221;full&#8221;][\/vc_column][vc_column width=&#8221;1\/2&#8243;][vc_custom_heading text=&#8221;Contentieux &#8221; with_border=&#8221;true&#8221;][vc_column_text]L\u00e8gister assiste les entreprises et les personnes priv\u00e9es, dans le cadre des domaines trait\u00e9s par le Cabinet, tant devant les Tribunaux et les Cours de tout ordre et degr\u00e9 de juridiction en mati\u00e8re civile et Commerciale que devant les juridictions administratives et p\u00e9nales (en collaboration avec [&hellip;]<\/p>\n","protected":false},"author":1,"featured_media":0,"parent":417,"menu_order":0,"comment_status":"closed","ping_status":"closed","template":"","meta":{"_acf_changed":false,"inline_featured_image":false,"_monsterinsights_skip_tracking":false,"_monsterinsights_sitenote_active":false,"_monsterinsights_sitenote_note":"","_monsterinsights_sitenote_category":0,"footnotes":""},"class_list":["post-443","page","type-page","status-publish","hentry"],"acf":[],"_links":{"self":[{"href":"https:\/\/legister.it\/fr\/wp-json\/wp\/v2\/pages\/443","targetHints":{"allow":["GET"]}}],"collection":[{"href":"https:\/\/legister.it\/fr\/wp-json\/wp\/v2\/pages"}],"about":[{"href":"https:\/\/legister.it\/fr\/wp-json\/wp\/v2\/types\/page"}],"author":[{"embeddable":true,"href":"https:\/\/legister.it\/fr\/wp-json\/wp\/v2\/users\/1"}],"replies":[{"embeddable":true,"href":"https:\/\/legister.it\/fr\/wp-json\/wp\/v2\/comments?post=443"}],"version-history":[{"count":2,"href":"https:\/\/legister.it\/fr\/wp-json\/wp\/v2\/pages\/443\/revisions"}],"predecessor-version":[{"id":467,"href":"https:\/\/legister.it\/fr\/wp-json\/wp\/v2\/pages\/443\/revisions\/467"}],"up":[{"embeddable":true,"href":"https:\/\/legister.it\/fr\/wp-json\/wp\/v2\/pages\/417"}],"wp:attachment":[{"href":"https:\/\/legister.it\/fr\/wp-json\/wp\/v2\/media?parent=443"}],"curies":[{"name":"wp","href":"https:\/\/api.w.org\/{rel}","templated":true}]}}