{"id":439,"date":"2020-04-27T14:36:31","date_gmt":"2020-04-27T12:36:31","guid":{"rendered":"https:\/\/legister.it\/domaines-dactivitea\/assurances\/"},"modified":"2020-04-27T15:11:42","modified_gmt":"2020-04-27T13:11:42","slug":"assurances","status":"publish","type":"page","link":"https:\/\/legister.it\/fr\/domaines-dactivites\/assurances\/","title":{"rendered":"Assurances"},"content":{"rendered":"<div class=\"wpb-content-wrapper\"><p>[vc_row][vc_column][vc_wp_custommenu nav_menu=&#8221;6&#8243;][\/vc_column][\/vc_row][vc_row el_class=&#8221;no-padding-top&#8221;][vc_column width=&#8221;1\/2&#8243;][vc_single_image image=&#8221;200&#8243; img_size=&#8221;full&#8221;][\/vc_column][vc_column width=&#8221;1\/2&#8243;][vc_custom_heading text=&#8221;Assurances &#8221; with_border=&#8221;true&#8221;][vc_column_text]L\u00e8gister apporte son assistance \u00e0 des compagnies d\u2019assurance et \u00e0 des interm\u00e9diaires en assurance (agents, broker, ecc..), italiens et \u00e9trangers, qui op\u00e8rent sur le march\u00e9 italien, en particulier en ce qui concerne:<\/p>\n<ul>\n<li>les aspects de leur activit\u00e9 li\u00e9s \u00e0 l&#8217;<em>Insurance Regulatory &amp; compliance<\/em>;<\/li>\n<li>l\u2019organisation et la gestion des r\u00e9seaux de distribution, la n\u00e9gociation et la r\u00e9daction des contrats et accords correspondants;<\/li>\n<li>la gestion des rapports avec l\u2019IVASS (<em>Istituto per la Vigilanza sulle Assicurazioni<\/em>), en particulier s\u2019agissant de la gestion des r\u00e9clamations et dans le cadre de proc\u00e9dures de sanctions administratives;<\/li>\n<li>la r\u00e9daction de la documentation contractuelle et pr\u00e9contractuelle relative aux produits d\u2019assurance;<\/li>\n<li>les contentieux avec les contractants, assur\u00e9s et tiers.<\/li>\n<\/ul>\n<p>&nbsp;<\/p>\n<p><strong class=\"primary\">#Compliance de l\u2019activit\u00e9 d\u2019assurance et d\u2019interm\u00e9diation<\/strong><br \/>\n<strong class=\"primary\">#Produits d\u2019assurance<\/strong>[\/vc_column_text][\/vc_column][\/vc_row]<\/p>\n<\/div>","protected":false},"excerpt":{"rendered":"<p>[vc_row][vc_column][vc_wp_custommenu nav_menu=&#8221;6&#8243;][\/vc_column][\/vc_row][vc_row el_class=&#8221;no-padding-top&#8221;][vc_column width=&#8221;1\/2&#8243;][vc_single_image image=&#8221;200&#8243; img_size=&#8221;full&#8221;][\/vc_column][vc_column width=&#8221;1\/2&#8243;][vc_custom_heading text=&#8221;Assurances &#8221; with_border=&#8221;true&#8221;][vc_column_text]L\u00e8gister apporte son assistance \u00e0 des compagnies d\u2019assurance et \u00e0 des interm\u00e9diaires en assurance (agents, broker, ecc..), italiens et \u00e9trangers, qui op\u00e8rent sur le march\u00e9 italien, en particulier en ce qui concerne: les aspects de leur activit\u00e9 li\u00e9s \u00e0 l&#8217;Insurance Regulatory &amp; compliance; l\u2019organisation et la [&hellip;]<\/p>\n","protected":false},"author":1,"featured_media":0,"parent":417,"menu_order":0,"comment_status":"closed","ping_status":"closed","template":"","meta":{"_acf_changed":false,"inline_featured_image":false,"_monsterinsights_skip_tracking":false,"_monsterinsights_sitenote_active":false,"_monsterinsights_sitenote_note":"","_monsterinsights_sitenote_category":0,"footnotes":""},"class_list":["post-439","page","type-page","status-publish","hentry"],"acf":[],"_links":{"self":[{"href":"https:\/\/legister.it\/fr\/wp-json\/wp\/v2\/pages\/439","targetHints":{"allow":["GET"]}}],"collection":[{"href":"https:\/\/legister.it\/fr\/wp-json\/wp\/v2\/pages"}],"about":[{"href":"https:\/\/legister.it\/fr\/wp-json\/wp\/v2\/types\/page"}],"author":[{"embeddable":true,"href":"https:\/\/legister.it\/fr\/wp-json\/wp\/v2\/users\/1"}],"replies":[{"embeddable":true,"href":"https:\/\/legister.it\/fr\/wp-json\/wp\/v2\/comments?post=439"}],"version-history":[{"count":2,"href":"https:\/\/legister.it\/fr\/wp-json\/wp\/v2\/pages\/439\/revisions"}],"predecessor-version":[{"id":466,"href":"https:\/\/legister.it\/fr\/wp-json\/wp\/v2\/pages\/439\/revisions\/466"}],"up":[{"embeddable":true,"href":"https:\/\/legister.it\/fr\/wp-json\/wp\/v2\/pages\/417"}],"wp:attachment":[{"href":"https:\/\/legister.it\/fr\/wp-json\/wp\/v2\/media?parent=439"}],"curies":[{"name":"wp","href":"https:\/\/api.w.org\/{rel}","templated":true}]}}