{"id":431,"date":"2020-04-27T14:16:35","date_gmt":"2020-04-27T12:16:35","guid":{"rendered":"https:\/\/legister.it\/domaines-dactivitea\/droit-des-societe\/"},"modified":"2020-05-07T16:28:13","modified_gmt":"2020-05-07T14:28:13","slug":"droit-des-societes","status":"publish","type":"page","link":"https:\/\/legister.it\/fr\/domaines-dactivites\/droit-des-societes\/","title":{"rendered":"Droit des Soci\u00e9t\u00e9s"},"content":{"rendered":"<div class=\"wpb-content-wrapper\"><p>[vc_row][vc_column][vc_wp_custommenu nav_menu=&#8221;6&#8243;][\/vc_column][\/vc_row][vc_row el_class=&#8221;no-padding-top&#8221;][vc_column width=&#8221;1\/2&#8243;][vc_single_image image=&#8221;226&#8243; img_size=&#8221;full&#8221;][\/vc_column][vc_column width=&#8221;1\/2&#8243;][vc_custom_heading text=&#8221;Droit des Soci\u00e9t\u00e9s&#8221; with_border=&#8221;true&#8221;][vc_column_text]L\u00e8gister apporte son assistance en mati\u00e8re de:<\/p>\n<ul>\n<li>Acquisitions de fonds de commerce et participations (M&amp;A), op\u00e9rations de droit des soci\u00e9t\u00e9s de nature extraordinaire (fusions, scissions, transfert de fonds de commerce, op\u00e9rations sur le capital et op\u00e9rations de private equity), constitution de soci\u00e9t\u00e9 et start-up, joint-ventures et consortiums, n\u00e9gociation et r\u00e9daction de pactes d\u2019actionnaires et accords d\u2019investissement et\/ou financement;<\/li>\n<li>Assistance aux organes de la soci\u00e9t\u00e9 s\u2019agissant des principales questions de l\u2019entreprise et en mati\u00e8re administrative fonctionnelles \u00e0 la gestion sociale;<\/li>\n<li>Assistance l\u00e9gale et judiciaire, aussi dans le cadre d\u2019arbitrages, dans les contentieux entre associ\u00e9s et organes de gestion, de contr\u00f4le et de r\u00e9vision en mati\u00e8re de responsabilit\u00e9, tout comme les contentieux entre associ\u00e9s concernant les pactes d\u2019actionnaires ou les conflits d\u2019int\u00e9r\u00eats ou pour le contr\u00f4le de la soci\u00e9t\u00e9, sa liquidation ou pour les op\u00e9rations sur le capital.<\/li>\n<\/ul>\n<p>&nbsp;<\/p>\n<p><strong class=\"primary\">#Op\u00e9rations extraordinaires<\/strong><br \/>\n<strong class=\"primary\">#Cessione di aziende<\/strong><br \/>\n<strong class=\"primary\">#Assistance aux organes sociaux<br \/>\n<\/strong><br \/>\n<strong class=\"primary\">#Contentieux entre associ\u00e9s et administrateurs<\/strong>[\/vc_column_text][\/vc_column][\/vc_row]<\/p>\n<\/div>","protected":false},"excerpt":{"rendered":"<p>[vc_row][vc_column][vc_wp_custommenu nav_menu=&#8221;6&#8243;][\/vc_column][\/vc_row][vc_row el_class=&#8221;no-padding-top&#8221;][vc_column width=&#8221;1\/2&#8243;][vc_single_image image=&#8221;226&#8243; img_size=&#8221;full&#8221;][\/vc_column][vc_column width=&#8221;1\/2&#8243;][vc_custom_heading text=&#8221;Droit des Soci\u00e9t\u00e9s&#8221; with_border=&#8221;true&#8221;][vc_column_text]L\u00e8gister apporte son assistance en mati\u00e8re de: Acquisitions de fonds de commerce et participations (M&amp;A), op\u00e9rations de droit des soci\u00e9t\u00e9s de nature extraordinaire (fusions, scissions, transfert de fonds de commerce, op\u00e9rations sur le capital et op\u00e9rations de private equity), constitution de soci\u00e9t\u00e9 et start-up, joint-ventures [&hellip;]<\/p>\n","protected":false},"author":1,"featured_media":0,"parent":417,"menu_order":0,"comment_status":"closed","ping_status":"closed","template":"","meta":{"_acf_changed":false,"inline_featured_image":false,"_monsterinsights_skip_tracking":false,"_monsterinsights_sitenote_active":false,"_monsterinsights_sitenote_note":"","_monsterinsights_sitenote_category":0,"footnotes":""},"class_list":["post-431","page","type-page","status-publish","hentry"],"acf":[],"_links":{"self":[{"href":"https:\/\/legister.it\/fr\/wp-json\/wp\/v2\/pages\/431","targetHints":{"allow":["GET"]}}],"collection":[{"href":"https:\/\/legister.it\/fr\/wp-json\/wp\/v2\/pages"}],"about":[{"href":"https:\/\/legister.it\/fr\/wp-json\/wp\/v2\/types\/page"}],"author":[{"embeddable":true,"href":"https:\/\/legister.it\/fr\/wp-json\/wp\/v2\/users\/1"}],"replies":[{"embeddable":true,"href":"https:\/\/legister.it\/fr\/wp-json\/wp\/v2\/comments?post=431"}],"version-history":[{"count":4,"href":"https:\/\/legister.it\/fr\/wp-json\/wp\/v2\/pages\/431\/revisions"}],"predecessor-version":[{"id":494,"href":"https:\/\/legister.it\/fr\/wp-json\/wp\/v2\/pages\/431\/revisions\/494"}],"up":[{"embeddable":true,"href":"https:\/\/legister.it\/fr\/wp-json\/wp\/v2\/pages\/417"}],"wp:attachment":[{"href":"https:\/\/legister.it\/fr\/wp-json\/wp\/v2\/media?parent=431"}],"curies":[{"name":"wp","href":"https:\/\/api.w.org\/{rel}","templated":true}]}}