{"id":564,"date":"2020-05-26T15:07:24","date_gmt":"2020-05-26T13:07:24","guid":{"rendered":"https:\/\/legister.it\/taetigkeitsbereiche\/compliance\/"},"modified":"2020-06-01T09:34:45","modified_gmt":"2020-06-01T07:34:45","slug":"compliance","status":"publish","type":"page","link":"https:\/\/legister.it\/de\/taetigkeitsbereiche\/compliance\/","title":{"rendered":"Compliance"},"content":{"rendered":"<div class=\"wpb-content-wrapper\"><p>[vc_row][vc_column][vc_wp_custommenu nav_menu=&#8221;6&#8243;][\/vc_column][\/vc_row][vc_row el_class=&#8221;no-padding-top&#8221;][vc_column width=&#8221;1\/2&#8243;][vc_single_image image=&#8221;205&#8243; img_size=&#8221;full&#8221;][\/vc_column][vc_column width=&#8221;1\/2&#8243;][vc_custom_heading text=&#8221;Compliance&#8221; with_border=&#8221;true&#8221;][vc_column_text]L\u00e8gister unterst\u00fctzt Unternehmen in Bezug auf die verschiedenen Aspekten der Corporate Compliance. Insbesondere:<\/p>\n<ul>\n<li>begleitet es im Bereich des Datenschutzes die Anpassung der Unternehmen an die Bestimmungen der EU-Verordnung 679\/2016 (\u201eGDPR\u201c) und \u00fcbernimmt auch die Funktionen als Datenschutzbeauftragte in Unternehmen und Konzernen;<\/li>\n<li>sorgt es auf Basis einer langj\u00e4hrigen Erfahrung als Mitglied in Aufsichtsorganismen (\u201eOdV Organismo di Vigilanza\u201c)f\u00fcr die Ausarbeitung von Organisations-, Management- und Kontrollmodellen gem\u00e4\u00df Gesetzesdekret 231\/2001;<\/li>\n<li>F\u00fcr Unternehmen, an welchen die \u00f6ffentliche Hand beteiligt ist, unterst\u00fctzt es bei der Erstellung der Dreijahrespl\u00e4ne zur Korruptionspr\u00e4vention und Transparenz gem\u00e4\u00df Gesetz 190\/2012 und ber\u00e4t in Fragen der Korruptionsbek\u00e4mpfung.<\/li>\n<\/ul>\n<p>&nbsp;<\/p>\n<p><strong class=\"primary\">#Datenschutz<\/strong><br \/>\n<strong class=\"primary\">#<b>Strafrechtliche Haftung von <\/b><b>Unternehmen gem\u00e4\u00df<\/b><b> Gesetzesverordnung 231\/2001<\/b><\/strong><br \/>\n<strong class=\"primary\">#Antikorruption<\/strong>[\/vc_column_text][\/vc_column][\/vc_row]<\/p>\n<\/div>","protected":false},"excerpt":{"rendered":"<p>[vc_row][vc_column][vc_wp_custommenu nav_menu=&#8221;6&#8243;][\/vc_column][\/vc_row][vc_row el_class=&#8221;no-padding-top&#8221;][vc_column width=&#8221;1\/2&#8243;][vc_single_image image=&#8221;205&#8243; img_size=&#8221;full&#8221;][\/vc_column][vc_column width=&#8221;1\/2&#8243;][vc_custom_heading text=&#8221;Compliance&#8221; with_border=&#8221;true&#8221;][vc_column_text]L\u00e8gister unterst\u00fctzt Unternehmen in Bezug auf die verschiedenen Aspekten der Corporate Compliance. Insbesondere: begleitet es im Bereich des Datenschutzes die Anpassung der Unternehmen an die Bestimmungen der EU-Verordnung 679\/2016 (\u201eGDPR\u201c) und \u00fcbernimmt auch die Funktionen als Datenschutzbeauftragte in Unternehmen und Konzernen; sorgt es auf Basis einer langj\u00e4hrigen [&hellip;]<\/p>\n","protected":false},"author":1,"featured_media":0,"parent":558,"menu_order":0,"comment_status":"closed","ping_status":"closed","template":"","meta":{"_acf_changed":false,"inline_featured_image":false,"_monsterinsights_skip_tracking":false,"_monsterinsights_sitenote_active":false,"_monsterinsights_sitenote_note":"","_monsterinsights_sitenote_category":0,"footnotes":""},"class_list":["post-564","page","type-page","status-publish","hentry"],"acf":[],"_links":{"self":[{"href":"https:\/\/legister.it\/de\/wp-json\/wp\/v2\/pages\/564","targetHints":{"allow":["GET"]}}],"collection":[{"href":"https:\/\/legister.it\/de\/wp-json\/wp\/v2\/pages"}],"about":[{"href":"https:\/\/legister.it\/de\/wp-json\/wp\/v2\/types\/page"}],"author":[{"embeddable":true,"href":"https:\/\/legister.it\/de\/wp-json\/wp\/v2\/users\/1"}],"replies":[{"embeddable":true,"href":"https:\/\/legister.it\/de\/wp-json\/wp\/v2\/comments?post=564"}],"version-history":[{"count":2,"href":"https:\/\/legister.it\/de\/wp-json\/wp\/v2\/pages\/564\/revisions"}],"predecessor-version":[{"id":636,"href":"https:\/\/legister.it\/de\/wp-json\/wp\/v2\/pages\/564\/revisions\/636"}],"up":[{"embeddable":true,"href":"https:\/\/legister.it\/de\/wp-json\/wp\/v2\/pages\/558"}],"wp:attachment":[{"href":"https:\/\/legister.it\/de\/wp-json\/wp\/v2\/media?parent=564"}],"curies":[{"name":"wp","href":"https:\/\/api.w.org\/{rel}","templated":true}]}}