{"id":554,"date":"2020-05-26T14:44:55","date_gmt":"2020-05-26T12:44:55","guid":{"rendered":"https:\/\/legister.it\/unternehmensrecht\/"},"modified":"2020-06-01T09:32:46","modified_gmt":"2020-06-01T07:32:46","slug":"gesellschaftsrecht","status":"publish","type":"page","link":"https:\/\/legister.it\/de\/taetigkeitsbereiche\/gesellschaftsrecht\/","title":{"rendered":"Gesellschaftsrecht"},"content":{"rendered":"<div class=\"wpb-content-wrapper\"><p>[vc_row][vc_column][vc_wp_custommenu nav_menu=&#8221;6&#8243;][\/vc_column][\/vc_row][vc_row el_class=&#8221;no-padding-top&#8221;][vc_column width=&#8221;1\/2&#8243;][vc_single_image image=&#8221;226&#8243; img_size=&#8221;full&#8221;][\/vc_column][vc_column width=&#8221;1\/2&#8243;][vc_custom_heading text=&#8221;Gesellschaftsrecht&#8221; with_border=&#8221;true&#8221;][vc_column_text]L\u00e8gister ber\u00e4t und vertritt in folgenden Bereichen:<\/p>\n<ul>\n<li>Erwerb und Verkauf von Unternehmen und Beteiligungen (M&amp;A), au\u00dferordentliche Gesellschaftstransaktionen (Fusionen, Spaltungen, Unternehmens\u00fcbertragungen, Kapitalma\u00dfnahmen und Private Equity-Transaktionen), Gr\u00fcndung von Gesellschaften und Start-ups, Joint Ventures und Konsortien, Ausverhandeln und Errichten von Syndikatsvertr\u00e4gen und Investitions- und\/oder Finanzierungsvereinbarungen;<\/li>\n<li>Unterst\u00fctzung der Gesellschaftsorgane in Bezug auf die wichtigsten betrieblichen und administrativen Angelegenheiten, die f\u00fcr die F\u00fchrung des Unternehmens von Nutzen sind;<\/li>\n<li>Rechtsberatung und -vertretung, auch in Schiedssachen, bei Streitigkeiten zwischen Gesellschaftern\/Aktion\u00e4ren und Verwaltungs-, Kontroll- und Revisionsorganen in Fragen der Haftung, sowie bei Streitigkeiten unter Gesellschaftern\/Aktion\u00e4ren im Zusammenhang mit Syndikatsvertr\u00e4gen, bei Interessenskollisionen oder in Bezug auf die Kontrolle der Gesellschaft, deren <i>(Distanza righe:)<\/i> Liquidation oder in Bezug auf Kapitalma\u00dfnahmen.<\/li>\n<\/ul>\n<p><strong class=\"primary\"><br \/>\n#Au\u00dferordentliche Transaktionen<\/strong><br \/>\n<strong class=\"primary\">#Unternehmensk\u00e4ufe ((M&amp;A)<\/strong><br \/>\n<strong class=\"primary\">#Beratung und Vertretung der Gesellschaftsorgane<\/strong><br \/>\n<strong class=\"primary\">#Streitigkeiten zwischen Gesellschaftern\/Aktion\u00e4ren und Gesch\u00e4ftsf\u00fchrern\/Vorst\u00e4nden<\/strong><br \/>\n<strong class=\"primary\">#Haftung der Gesch\u00e4ftsf\u00fchrer\/Vorst\u00e4nde und der Mitglieder des Rechnungslegungsausschusses bzw. des Aufsichtsrates<\/strong><br \/>\n<strong class=\"primary\">#Haftung der Kontrollorgane und der Revisoren<\/strong>[\/vc_column_text][\/vc_column][\/vc_row]<\/p>\n<\/div>","protected":false},"excerpt":{"rendered":"<p>[vc_row][vc_column][vc_wp_custommenu nav_menu=&#8221;6&#8243;][\/vc_column][\/vc_row][vc_row el_class=&#8221;no-padding-top&#8221;][vc_column width=&#8221;1\/2&#8243;][vc_single_image image=&#8221;226&#8243; img_size=&#8221;full&#8221;][\/vc_column][vc_column width=&#8221;1\/2&#8243;][vc_custom_heading text=&#8221;Gesellschaftsrecht&#8221; with_border=&#8221;true&#8221;][vc_column_text]L\u00e8gister ber\u00e4t und vertritt in folgenden Bereichen: Erwerb und Verkauf von Unternehmen und Beteiligungen (M&amp;A), au\u00dferordentliche Gesellschaftstransaktionen (Fusionen, Spaltungen, Unternehmens\u00fcbertragungen, Kapitalma\u00dfnahmen und Private Equity-Transaktionen), Gr\u00fcndung von Gesellschaften und Start-ups, Joint Ventures und Konsortien, Ausverhandeln und Errichten von Syndikatsvertr\u00e4gen und Investitions- und\/oder Finanzierungsvereinbarungen; Unterst\u00fctzung der Gesellschaftsorgane in Bezug [&hellip;]<\/p>\n","protected":false},"author":1,"featured_media":0,"parent":558,"menu_order":0,"comment_status":"closed","ping_status":"closed","template":"","meta":{"_acf_changed":false,"inline_featured_image":false,"_monsterinsights_skip_tracking":false,"_monsterinsights_sitenote_active":false,"_monsterinsights_sitenote_note":"","_monsterinsights_sitenote_category":0,"footnotes":""},"class_list":["post-554","page","type-page","status-publish","hentry"],"acf":[],"_links":{"self":[{"href":"https:\/\/legister.it\/de\/wp-json\/wp\/v2\/pages\/554","targetHints":{"allow":["GET"]}}],"collection":[{"href":"https:\/\/legister.it\/de\/wp-json\/wp\/v2\/pages"}],"about":[{"href":"https:\/\/legister.it\/de\/wp-json\/wp\/v2\/types\/page"}],"author":[{"embeddable":true,"href":"https:\/\/legister.it\/de\/wp-json\/wp\/v2\/users\/1"}],"replies":[{"embeddable":true,"href":"https:\/\/legister.it\/de\/wp-json\/wp\/v2\/comments?post=554"}],"version-history":[{"count":5,"href":"https:\/\/legister.it\/de\/wp-json\/wp\/v2\/pages\/554\/revisions"}],"predecessor-version":[{"id":635,"href":"https:\/\/legister.it\/de\/wp-json\/wp\/v2\/pages\/554\/revisions\/635"}],"up":[{"embeddable":true,"href":"https:\/\/legister.it\/de\/wp-json\/wp\/v2\/pages\/558"}],"wp:attachment":[{"href":"https:\/\/legister.it\/de\/wp-json\/wp\/v2\/media?parent=554"}],"curies":[{"name":"wp","href":"https:\/\/api.w.org\/{rel}","templated":true}]}}